{"id":3876,"date":"2020-12-01T01:47:04","date_gmt":"2020-12-01T01:47:04","guid":{"rendered":"https:\/\/undsgn.com\/uncode\/?page_id=3876"},"modified":"2022-04-27T15:44:25","modified_gmt":"2022-04-27T14:44:25","slug":"contact-us","status":"publish","type":"page","link":"https:\/\/www.spicypepper.io\/de\/kontakt-uns\/","title":{"rendered":"Kontakt"},"content":{"rendered":"<div class=\"wpb-content-wrapper\"><div data-parent=\"true\" class=\"vc_row style-color-669265-bg row-container has-dividers\" id=\"wadehero\"><div class=\"uncode-divider-wrap uncode-divider-wrap-bottom z_index_0\" style=\"height: 150px;\" data-height=\"150\" data-unit=\"px\"><svg version=\"1.1\" class=\"uncode-row-divider uncode-row-divider-swoosh\" x=\"0px\" y=\"0px\" width=\"240px\" height=\"24px\" viewBox=\"0 0 240 24\" enable-background=\"new 0 0 240 24\" xml:space=\"preserve\" preserveAspectRatio=\"none\">\n\t\t<path fill=\"#ffffff\" d=\"M239.766,24L240,0c-51.797,0-69.883,14.65-94.707,17.68c-24.691,2.98-43.872-4.1-63.765-4\n\t\t\tc-19.17,0.101-31.196,4.562-51.309,8.2C15.552,24.529,4.321,23.59,0,23.04V24H239.766z\"\/>\n\t\t<\/svg><\/div><div class=\"row col-double-gutter quad-top-padding penta-bottom-padding single-h-padding limit-width row-parent\"><div class=\"wpb_row row-inner\"><div class=\"wpb_column pos-middle pos-center align_left column_parent col-lg-12 single-internal-gutter\"><div class=\"uncol style-dark\"  ><div class=\"uncoltable\"><div class=\"uncell no-block-padding\" ><div class=\"uncont\"><div class=\"vc_row inverted-device-order row-internal row-container\"><div class=\"row col-double-gutter row-child\"><div class=\"wpb_row row-inner\"><div class=\"wpb_column pos-middle pos-center align_center align_center_mobile column_child col-lg-12 col-md-50 half-internal-gutter\"><div class=\"uncol style-dark\" ><div class=\"uncoltable\"><div class=\"uncell no-block-padding\" ><div class=\"uncont\"><div class=\"vc_custom_heading_wrap \"><div class=\"heading-text el-text\" ><h1 class=\"fontsize-155944 fontspace-111509 font-weight-800\" ><span><span style=\"color: #5ce291;\">Contact<\/span> Us<\/span><\/h1><div class=\"text-lead\"><p>We want to hear from you.<\/p>\n<\/div><\/div><div class=\"clear\"><\/div><\/div><div class=\"empty-space empty-half\" ><span class=\"empty-space-inner\"><\/span><\/div>\n<\/div><\/div><\/div><\/div><\/div><\/div><\/div><\/div><\/div><\/div><\/div><\/div><\/div><script id=\"script-wadehero\" data-row=\"script-wadehero\" type=\"text\/javascript\" class=\"vc_controls\">UNCODE.initRow(document.getElementById(\"wadehero\"));<\/script><\/div><\/div><\/div><div data-parent=\"true\" class=\"vc_row limit-width row-container\" id=\"row-unique-0\"><div class=\"row double-top-padding double-bottom-padding single-h-padding row-parent\"><div class=\"wpb_row row-inner\"><div class=\"wpb_column pos-top pos-left align_left column_parent col-lg-7 col-md-66 single-internal-gutter\"><div class=\"uncol style-light\"  ><div class=\"uncoltable\"><div class=\"uncell no-block-padding\" ><div class=\"uncont\" style=\"max-width:90%;\"><div class=\"vc_custom_heading_wrap \"><div class=\"heading-text el-text\" ><h2 class=\"font-762333 h4 text-capitalize\" ><span>Do you have a custom project you&#8217;d like to discuss?<\/span><\/h2><div><p>For a speedy reply, fill in our contact form and we will get back to you.<\/p>\n<\/div><\/div><div class=\"clear\"><\/div><\/div><div class=\"divider-wrapper \"  >\n    <hr class=\"border-,Default-color separator-no-padding\"  \/>\n<\/div>\n<div class=\"wpforms-container wpforms-container-full\" id=\"wpforms-90157\"><form id=\"wpforms-form-90157\" class=\"wpforms-validate wpforms-form wpforms-ajax-form\" data-formid=\"90157\" method=\"post\" enctype=\"multipart\/form-data\" action=\"\/de\/wp-json\/wp\/v2\/pages\/3876\" data-token=\"90724e1c4f6b535511dd9d2da624c7ef\" data-token-time=\"1778138253\"><noscript class=\"wpforms-error-noscript\">Bitte aktiviere JavaScript in deinem Browser, um dieses Formular fertigzustellen.<\/noscript><div class=\"wpforms-field-container\"><div id=\"wpforms-90157-field_1-container\" class=\"wpforms-field wpforms-field-name\" data-field-id=\"1\"><label class=\"wpforms-field-label\" for=\"wpforms-90157-field_1\">Your Name <span class=\"wpforms-required-label\">*<\/span><\/label><input type=\"text\" id=\"wpforms-90157-field_1\" class=\"wpforms-field-large wpforms-field-required\" name=\"wpforms[fields][1]\" required><\/div><div id=\"wpforms-90157-field_2-container\" class=\"wpforms-field wpforms-field-email\" data-field-id=\"2\"><label class=\"wpforms-field-label\" for=\"wpforms-90157-field_2\">Your Email <span class=\"wpforms-required-label\">*<\/span><\/label><input type=\"email\" id=\"wpforms-90157-field_2\" class=\"wpforms-field-large wpforms-field-required\" name=\"wpforms[fields][2]\" spellcheck=\"false\" required><\/div><div id=\"wpforms-90157-field_3-container\" class=\"wpforms-field wpforms-field-number\" data-field-id=\"3\"><label class=\"wpforms-field-label\" for=\"wpforms-90157-field_3\">Your Phone number <span class=\"wpforms-required-label\">*<\/span><\/label><input type=\"number\" id=\"wpforms-90157-field_3\" class=\"wpforms-field-large wpforms-field-required\" name=\"wpforms[fields][3]\" step=\"any\" required><\/div><div id=\"wpforms-90157-field_4-container\" class=\"wpforms-field wpforms-field-text\" data-field-id=\"4\"><label class=\"wpforms-field-label\" for=\"wpforms-90157-field_4\">Your Company<\/label><input type=\"text\" id=\"wpforms-90157-field_4\" class=\"wpforms-field-large\" name=\"wpforms[fields][4]\" ><\/div><div id=\"wpforms-90157-field_5-container\" class=\"wpforms-field wpforms-field-textarea\" data-field-id=\"5\"><label class=\"wpforms-field-label\" for=\"wpforms-90157-field_5\">Your Message<\/label><textarea id=\"wpforms-90157-field_5\" class=\"wpforms-field-medium\" name=\"wpforms[fields][5]\" ><\/textarea><\/div><\/div><!-- .wpforms-field-container --><div class=\"wpforms-recaptcha-container wpforms-is-hcaptcha\" ><div class=\"h-captcha\" data-sitekey=\"d6b7ec1f-c2e6-4338-9614-2b0ca21893b9\"><\/div><input type=\"text\" name=\"g-recaptcha-hidden\" class=\"wpforms-recaptcha-hidden\" style=\"position:absolute!important;clip:rect(0,0,0,0)!important;height:1px!important;width:1px!important;border:0!important;overflow:hidden!important;padding:0!important;margin:0!important;\" data-rule-hcaptcha=\"1\"><\/div><div class=\"wpforms-submit-container\" ><input type=\"hidden\" name=\"wpforms[id]\" value=\"90157\"><input type=\"hidden\" name=\"page_title\" value=\"\"><input type=\"hidden\" name=\"page_url\" value=\"https:\/\/www.spicypepper.io\/de\/wp-json\/wp\/v2\/pages\/3876\"><input type=\"hidden\" name=\"url_referer\" value=\"\"><button type=\"submit\" name=\"wpforms[submit]\" id=\"wpforms-submit-90157\" class=\"wpforms-submit btn btn-accent btn-flat\" data-alt-text=\"Sending\u2026\" data-submit-text=\"Send Message\" aria-live=\"assertive\" value=\"wpforms-submit\">Send Message<\/button><img decoding=\"async\" src=\"https:\/\/www.spicypepper.io\/wp-content\/plugins\/wpforms-lite\/assets\/images\/submit-spin.svg\" class=\"wpforms-submit-spinner\" style=\"display: none;\" width=\"26\" height=\"26\" alt=\"Wird geladen\"><\/div><\/form><\/div>  <!-- .wpforms-container --><\/div><\/div><\/div><\/div><\/div><div class=\"wpb_column pos-top pos-left align_left column_parent col-lg-5 col-md-33 single-internal-gutter\"><div class=\"uncol style-light\"  ><div class=\"uncoltable\"><div class=\"uncell no-block-padding\" ><div class=\"uncont\"><div class=\"vc_custom_heading_wrap \"><div class=\"heading-text el-text\" ><h2 class=\"font-762333 h4 text-capitalize\" ><span>Use Our Dedicated Support System<\/span><\/h2><div><p>If you have placed an order with us and want to talk about it, you can use our dedicated support ticketing system.<\/p>\n<\/div><\/div><div class=\"clear\"><\/div><\/div><span class=\"btn-container\" ><a href=\"https:\/\/support.spicypepper.io\/\" class=\"custom-link btn border-width-0 btn-color-160700 btn-icon-left\">HELP ME WITH MY ORDER<\/a><\/span><div class=\"divider-wrapper \"  >\n    <hr class=\"border-,Default-color separator-no-padding\"  \/>\n<\/div>\n<div class=\"uncode-gmaps-widget \" >\n\t\t<div class=\"uncode-wrapper\">\n\t\t<div id=\"gmapndcYGZ\" class=\"uncode-map-wrapper\" data-draggable=\"true\" data-zoom=\"12\" data-color=\"#006cff\" data-ui=\"#006cff\" data-lat=\"55.8549567\" data-lon=\"-4.269536\" data-saturation=\"-26\" data-brightness=\"5\" style=\"height: 240px\">\n\t\t<\/div>\n\t\t\t\t<div id=\"gmapndcYGZ-zoom-in\" class=\"gmap-buttons gmap-zoom-min btn style-color-210407-bg\"><\/div>\n\t\t<div id=\"gmapndcYGZ-zoom-out\" class=\"gmap-buttons gmap-zoom-out btn style-color-210407-bg\"><\/div>\n\t\t\t\t\t<\/div>\n\t<\/div>\n<div class=\"divider-wrapper \"  >\n    <hr class=\"border-,Default-color separator-no-padding\"  \/>\n<\/div>\n<div class=\"vc_row row-internal row-container\"><div class=\"row row-child\"><div class=\"wpb_row row-inner\"><div class=\"wpb_column pos-top pos-center align_left column_child col-lg-6 single-internal-gutter\"><div class=\"uncol style-light\" ><div class=\"uncoltable\"><div class=\"uncell no-block-padding\" ><div class=\"uncont\"><div class=\"vc_custom_heading_wrap \"><div class=\"heading-text el-text\" ><h2 class=\"font-762333 h4 text-capitalize\" ><span>Our Office:<\/span><\/h2><div><p>Spicy Pepper LTD<br \/>\n54 Cook Street<br \/>\nG5 8JQ<br \/>\nGlasgow<br \/>\nScotland<\/p>\n<\/div><\/div><div class=\"clear\"><\/div><\/div><\/div><\/div><\/div><\/div><\/div><div class=\"wpb_column pos-top pos-center align_left column_child col-lg-6 single-internal-gutter\"><div class=\"uncol style-light\" ><div class=\"uncoltable\"><div class=\"uncell no-block-padding\" ><div class=\"uncont\"><div class=\"icon-box icon-box-left\" ><div class=\"icon-box-icon fa-container\"><a href=\"tel:02087206857\" class=\"fa fa-stack fa-1x btn-accent fa-rounded custom-link\"><i class=\"fa fa-phone\"><\/i><\/a><\/div><div class=\"icon-box-content\"><div class=\"icon-box-heading icon-box-fa-1x-back\"><h5 class=\"font-762333 h6\"><a href=\"tel:02087206857\">020 8720 6857<\/a><\/h5><\/div><\/div><\/div><div class=\"icon-box icon-box-left\" ><div class=\"icon-box-icon fa-container\"><a href=\"mailto:info@spicypepper.io\" class=\"fa fa-stack fa-1x btn-accent fa-rounded custom-link\"><i class=\"fa fa-envelope\"><\/i><\/a><\/div><div class=\"icon-box-content\"><div class=\"icon-box-heading icon-box-fa-1x-back\"><h5 class=\"font-762333 h6\"><a href=\"mailto:info@spicypepper.io\">info@spicypepper.io<\/a><\/h5><\/div><\/div><\/div><\/div><\/div><\/div><\/div><\/div><\/div><\/div><\/div><\/div><\/div><\/div><\/div><\/div><script id=\"script-row-unique-0\" data-row=\"script-row-unique-0\" type=\"text\/javascript\" class=\"vc_controls\">UNCODE.initRow(document.getElementById(\"row-unique-0\"));<\/script><\/div><\/div><\/div>\n<\/div>","protected":false},"excerpt":{"rendered":"Contact UsWe want to hear from you. Do you have a custom project you'd like to discuss?For a speedy reply, [...]","protected":false},"author":1,"featured_media":0,"parent":0,"menu_order":0,"comment_status":"closed","ping_status":"closed","template":"","meta":{"footnotes":""},"class_list":["post-3876","page","type-page","status-publish","hentry"],"yoast_head":"<!-- This site is optimized with the Yoast SEO plugin v27.5 - https:\/\/yoast.com\/product\/yoast-seo-wordpress\/ -->\n<title>Get In Touch | We Want To Hear From You | Spicy Pepper Link Building<\/title>\n<meta name=\"description\" content=\"We Are Here To Answer Any Questions You May Have, Or Just For A Quick Chat About All Things SEO Related. Get In Touch Now.\" \/>\n<meta name=\"robots\" content=\"index, follow, max-snippet:-1, max-image-preview:large, max-video-preview:-1\" \/>\n<link rel=\"canonical\" href=\"https:\/\/www.spicypepper.io\/de\/kontakt-uns\/\" \/>\n<meta property=\"og:locale\" content=\"de_DE\" \/>\n<meta property=\"og:type\" content=\"article\" \/>\n<meta property=\"og:title\" content=\"Get In Touch | We Want To Hear From You | Spicy Pepper Link Building\" \/>\n<meta property=\"og:description\" content=\"We Are Here To Answer Any Questions You May Have, Or Just For A Quick Chat About All Things SEO Related. Get In Touch Now.\" \/>\n<meta property=\"og:url\" content=\"https:\/\/www.spicypepper.io\/de\/kontakt-uns\/\" \/>\n<meta property=\"og:site_name\" content=\"Spicy Pepper\" \/>\n<meta property=\"article:publisher\" content=\"https:\/\/www.facebook.com\/SpicyPepper.io\" \/>\n<meta property=\"article:modified_time\" content=\"2022-04-27T14:44:25+00:00\" \/>\n<meta property=\"og:image\" content=\"https:\/\/www.spicypepper.io\/wp-content\/uploads\/logosp-sq.png\" \/>\n\t<meta property=\"og:image:width\" content=\"600\" \/>\n\t<meta property=\"og:image:height\" content=\"600\" \/>\n\t<meta property=\"og:image:type\" content=\"image\/png\" \/>\n<meta name=\"twitter:card\" content=\"summary_large_image\" \/>\n<meta name=\"twitter:site\" content=\"@SpicypepperI\" \/>\n<meta name=\"twitter:label1\" content=\"Gesch\u00e4tzte Lesezeit\" \/>\n\t<meta name=\"twitter:data1\" content=\"1\u00a0Minute\" \/>\n<script type=\"application\/ld+json\" class=\"yoast-schema-graph\">{\"@context\":\"https:\\\/\\\/schema.org\",\"@graph\":[{\"@type\":\"WebPage\",\"@id\":\"https:\\\/\\\/www.spicypepper.io\\\/contact-us\\\/\",\"url\":\"https:\\\/\\\/www.spicypepper.io\\\/contact-us\\\/\",\"name\":\"Get In Touch | We Want To Hear From You | Spicy Pepper Link Building\",\"isPartOf\":{\"@id\":\"https:\\\/\\\/www.spicypepper.io\\\/#website\"},\"datePublished\":\"2020-12-01T01:47:04+00:00\",\"dateModified\":\"2022-04-27T14:44:25+00:00\",\"description\":\"We Are Here To Answer Any Questions You May Have, Or Just For A Quick Chat About All Things SEO Related. Get In Touch Now.\",\"breadcrumb\":{\"@id\":\"https:\\\/\\\/www.spicypepper.io\\\/contact-us\\\/#breadcrumb\"},\"inLanguage\":\"de\",\"potentialAction\":[{\"@type\":\"ReadAction\",\"target\":[\"https:\\\/\\\/www.spicypepper.io\\\/contact-us\\\/\"]}]},{\"@type\":\"BreadcrumbList\",\"@id\":\"https:\\\/\\\/www.spicypepper.io\\\/contact-us\\\/#breadcrumb\",\"itemListElement\":[{\"@type\":\"ListItem\",\"position\":1,\"name\":\"Home\",\"item\":\"https:\\\/\\\/www.spicypepper.io\\\/\"},{\"@type\":\"ListItem\",\"position\":2,\"name\":\"Contact Us\"}]},{\"@type\":\"WebSite\",\"@id\":\"https:\\\/\\\/www.spicypepper.io\\\/#website\",\"url\":\"https:\\\/\\\/www.spicypepper.io\\\/\",\"name\":\"Spicy Pepper\",\"description\":\"Link Building &amp; Blogger Outreach Service Provider\",\"publisher\":{\"@id\":\"https:\\\/\\\/www.spicypepper.io\\\/#organization\"},\"potentialAction\":[{\"@type\":\"SearchAction\",\"target\":{\"@type\":\"EntryPoint\",\"urlTemplate\":\"https:\\\/\\\/www.spicypepper.io\\\/?s={search_term_string}\"},\"query-input\":{\"@type\":\"PropertyValueSpecification\",\"valueRequired\":true,\"valueName\":\"search_term_string\"}}],\"inLanguage\":\"de\"},{\"@type\":\"Organization\",\"@id\":\"https:\\\/\\\/www.spicypepper.io\\\/#organization\",\"name\":\"Spicy Pepper\",\"url\":\"https:\\\/\\\/www.spicypepper.io\\\/\",\"logo\":{\"@type\":\"ImageObject\",\"inLanguage\":\"de\",\"@id\":\"https:\\\/\\\/www.spicypepper.io\\\/#\\\/schema\\\/logo\\\/image\\\/\",\"url\":\"https:\\\/\\\/r8m5h9f5.stackpathcdn.com\\\/wp-content\\\/uploads\\\/logosp.png\",\"contentUrl\":\"https:\\\/\\\/r8m5h9f5.stackpathcdn.com\\\/wp-content\\\/uploads\\\/logosp.png\",\"width\":600,\"height\":144,\"caption\":\"Spicy Pepper\"},\"image\":{\"@id\":\"https:\\\/\\\/www.spicypepper.io\\\/#\\\/schema\\\/logo\\\/image\\\/\"},\"sameAs\":[\"https:\\\/\\\/www.facebook.com\\\/SpicyPepper.io\",\"https:\\\/\\\/x.com\\\/SpicypepperI\",\"https:\\\/\\\/www.instagram.com\\\/spicypepper.io\\\/\",\"https:\\\/\\\/www.linkedin.com\\\/company\\\/spicypepperseo\"]}]}<\/script>\n<!-- \/ Yoast SEO plugin. -->","yoast_head_json":{"title":"Nehmen Sie Kontakt auf | Wir m\u00f6chten von Ihnen h\u00f6ren | Spicy Pepper Link Building","description":"Wir sind hier, um alle Fragen zu beantworten, die Sie haben k\u00f6nnten, oder einfach nur f\u00fcr ein kurzes Gespr\u00e4ch \u00fcber alles, was mit SEO zu tun hat. Nehmen Sie jetzt Kontakt auf.","robots":{"index":"index","follow":"follow","max-snippet":"max-snippet:-1","max-image-preview":"max-image-preview:large","max-video-preview":"max-video-preview:-1"},"canonical":"https:\/\/www.spicypepper.io\/de\/kontakt-uns\/","og_locale":"de_DE","og_type":"article","og_title":"Get In Touch | We Want To Hear From You | Spicy Pepper Link Building","og_description":"We Are Here To Answer Any Questions You May Have, Or Just For A Quick Chat About All Things SEO Related. Get In Touch Now.","og_url":"https:\/\/www.spicypepper.io\/de\/kontakt-uns\/","og_site_name":"Spicy Pepper","article_publisher":"https:\/\/www.facebook.com\/SpicyPepper.io","article_modified_time":"2022-04-27T14:44:25+00:00","og_image":[{"width":600,"height":600,"url":"https:\/\/www.spicypepper.io\/wp-content\/uploads\/logosp-sq.png","type":"image\/png"}],"twitter_card":"summary_large_image","twitter_site":"@SpicypepperI","twitter_misc":{"Gesch\u00e4tzte Lesezeit":"1\u00a0Minute"},"schema":{"@context":"https:\/\/schema.org","@graph":[{"@type":"WebPage","@id":"https:\/\/www.spicypepper.io\/contact-us\/","url":"https:\/\/www.spicypepper.io\/contact-us\/","name":"Nehmen Sie Kontakt auf | Wir m\u00f6chten von Ihnen h\u00f6ren | Spicy Pepper Link Building","isPartOf":{"@id":"https:\/\/www.spicypepper.io\/#website"},"datePublished":"2020-12-01T01:47:04+00:00","dateModified":"2022-04-27T14:44:25+00:00","description":"Wir sind hier, um alle Fragen zu beantworten, die Sie haben k\u00f6nnten, oder einfach nur f\u00fcr ein kurzes Gespr\u00e4ch \u00fcber alles, was mit SEO zu tun hat. Nehmen Sie jetzt Kontakt auf.","breadcrumb":{"@id":"https:\/\/www.spicypepper.io\/contact-us\/#breadcrumb"},"inLanguage":"de","potentialAction":[{"@type":"ReadAction","target":["https:\/\/www.spicypepper.io\/contact-us\/"]}]},{"@type":"BreadcrumbList","@id":"https:\/\/www.spicypepper.io\/contact-us\/#breadcrumb","itemListElement":[{"@type":"ListItem","position":1,"name":"Home","item":"https:\/\/www.spicypepper.io\/"},{"@type":"ListItem","position":2,"name":"Contact Us"}]},{"@type":"WebSite","@id":"https:\/\/www.spicypepper.io\/#website","url":"https:\/\/www.spicypepper.io\/","name":"Scharfe Paprika","description":"Link Building &amp; Blogger Outreach Service Provider","publisher":{"@id":"https:\/\/www.spicypepper.io\/#organization"},"potentialAction":[{"@type":"SearchAction","target":{"@type":"EntryPoint","urlTemplate":"https:\/\/www.spicypepper.io\/?s={search_term_string}"},"query-input":{"@type":"PropertyValueSpecification","valueRequired":true,"valueName":"search_term_string"}}],"inLanguage":"de"},{"@type":"Organization","@id":"https:\/\/www.spicypepper.io\/#organization","name":"Scharfe Paprika","url":"https:\/\/www.spicypepper.io\/","logo":{"@type":"ImageObject","inLanguage":"de","@id":"https:\/\/www.spicypepper.io\/#\/schema\/logo\/image\/","url":"https:\/\/r8m5h9f5.stackpathcdn.com\/wp-content\/uploads\/logosp.png","contentUrl":"https:\/\/r8m5h9f5.stackpathcdn.com\/wp-content\/uploads\/logosp.png","width":600,"height":144,"caption":"Spicy Pepper"},"image":{"@id":"https:\/\/www.spicypepper.io\/#\/schema\/logo\/image\/"},"sameAs":["https:\/\/www.facebook.com\/SpicyPepper.io","https:\/\/x.com\/SpicypepperI","https:\/\/www.instagram.com\/spicypepper.io\/","https:\/\/www.linkedin.com\/company\/spicypepperseo"]}]}},"_links":{"self":[{"href":"https:\/\/www.spicypepper.io\/de\/wp-json\/wp\/v2\/pages\/3876","targetHints":{"allow":["GET"]}}],"collection":[{"href":"https:\/\/www.spicypepper.io\/de\/wp-json\/wp\/v2\/pages"}],"about":[{"href":"https:\/\/www.spicypepper.io\/de\/wp-json\/wp\/v2\/types\/page"}],"author":[{"embeddable":true,"href":"https:\/\/www.spicypepper.io\/de\/wp-json\/wp\/v2\/users\/1"}],"replies":[{"embeddable":true,"href":"https:\/\/www.spicypepper.io\/de\/wp-json\/wp\/v2\/comments?post=3876"}],"version-history":[{"count":2,"href":"https:\/\/www.spicypepper.io\/de\/wp-json\/wp\/v2\/pages\/3876\/revisions"}],"predecessor-version":[{"id":90160,"href":"https:\/\/www.spicypepper.io\/de\/wp-json\/wp\/v2\/pages\/3876\/revisions\/90160"}],"wp:attachment":[{"href":"https:\/\/www.spicypepper.io\/de\/wp-json\/wp\/v2\/media?parent=3876"}],"curies":[{"name":"wp","href":"https:\/\/api.w.org\/{rel}","templated":true}]}}